{"id":1622,"date":"2023-06-19T11:34:50","date_gmt":"2023-06-19T09:34:50","guid":{"rendered":"https:\/\/alliance-rouge.ch\/?page_id=1622"},"modified":"2023-06-19T11:45:47","modified_gmt":"2023-06-19T09:45:47","slug":"protection-des-donnees","status":"publish","type":"page","link":"https:\/\/alliance-rouge.ch\/fr\/protection-des-donnees\/","title":{"rendered":"Protection des Donn\u00e9es"},"content":{"rendered":"<p><strong>Donn\u00e9es collect\u00e9es automatiquement<\/strong><br \/>\nLors de l&#8217;acc\u00e8s au site alliance-rouge.ch, le navigateur Internet de l&#8217;utilisateur transmet automatiquement certaines donn\u00e9es pour des raisons techniques. Ces informations, appel\u00e9es &#8220;logfile&#8221;, sont enregistr\u00e9es s\u00e9par\u00e9ment des autres donn\u00e9es que l&#8217;utilisateur peut \u00e9ventuellement mettre \u00e0 disposition :<\/p>\n<ul>\n<li style=\"list-style-type: none;\">\n<ul>\n<li>Date et heure ainsi que dur\u00e9e de l&#8217;acc\u00e8s<\/li>\n<li>Type\/version du navigateur<\/li>\n<li>Syst\u00e8me d&#8217;exploitation utilis\u00e9<\/li>\n<li>URL du site web pr\u00e9c\u00e9demment visit\u00e9<\/li>\n<li>Quantit\u00e9 de donn\u00e9es transmises<\/li>\n<li>Adresse IP (adresse de protocole Internet)<\/li>\n<li>Nom du fournisseur de services<\/li>\n<li>Nom des fichiers consult\u00e9s<\/li>\n<li>code d&#8217;\u00e9tat http (par ex. &#8220;demande r\u00e9ussie&#8221;)<\/li>\n<li>URL de la page web consult\u00e9e<\/li>\n<\/ul>\n<\/li>\n<\/ul>\n<p>Les informations de fichier journal mentionn\u00e9es sont enregistr\u00e9es exclusivement pour des raisons techniques et ne sont \u00e0 aucun moment attribu\u00e9es \u00e0 une personne pr\u00e9cise. Pour des raisons de s\u00e9curit\u00e9, les adresses IP sont enregistr\u00e9es pour une dur\u00e9e maximale de 30 jours, apr\u00e8s quoi elles sont supprim\u00e9es. Les donn\u00e9es dont la conservation ult\u00e9rieure est n\u00e9cessaire \u00e0 des fins de preuve sont exclues de la suppression jusqu&#8217;\u00e0 la clarification d\u00e9finitive de l&#8217;incident en question.<\/p>\n","protected":false},"excerpt":{"rendered":"<p>Donn\u00e9es collect\u00e9es automatiquement Lors de l&#8217;acc\u00e8s au site alliance-rouge.ch, le navigateur Internet de l&#8217;utilisateur transmet automatiquement certaines donn\u00e9es pour des raisons techniques. Ces informations, appel\u00e9es &#8220;logfile&#8221;, sont enregistr\u00e9es s\u00e9par\u00e9ment des autres donn\u00e9es que l&#8217;utilisateur peut \u00e9ventuellement mettre \u00e0 disposition : Date et heure ainsi que dur\u00e9e de l&#8217;acc\u00e8s Type\/version du navigateur Syst\u00e8me d&#8217;exploitation utilis\u00e9 URL [&hellip;]<\/p>\n","protected":false},"author":1,"featured_media":0,"parent":0,"menu_order":0,"comment_status":"closed","ping_status":"closed","template":"","meta":{"_acf_changed":false,"footnotes":""},"class_list":["post-1622","page","type-page","status-publish","hentry"],"acf":[],"yoast_head":"<!-- This site is optimized with the Yoast SEO plugin v24.2 - https:\/\/yoast.com\/wordpress\/plugins\/seo\/ -->\n<title>Protection des Donn\u00e9es - Alliance Rouge<\/title>\n<meta name=\"robots\" content=\"index, follow, max-snippet:-1, max-image-preview:large, max-video-preview:-1\" \/>\n<link rel=\"canonical\" href=\"https:\/\/alliance-rouge.ch\/fr\/protection-des-donnees\/\" \/>\n<meta property=\"og:locale\" content=\"fr_FR\" \/>\n<meta property=\"og:type\" content=\"article\" \/>\n<meta property=\"og:title\" content=\"Protection des Donn\u00e9es - Alliance Rouge\" \/>\n<meta property=\"og:description\" content=\"Donn\u00e9es collect\u00e9es automatiquement Lors de l&#8217;acc\u00e8s au site alliance-rouge.ch, le navigateur Internet de l&#8217;utilisateur transmet automatiquement certaines donn\u00e9es pour des raisons techniques. Ces informations, appel\u00e9es &#8220;logfile&#8221;, sont enregistr\u00e9es s\u00e9par\u00e9ment des autres donn\u00e9es que l&#8217;utilisateur peut \u00e9ventuellement mettre \u00e0 disposition : Date et heure ainsi que dur\u00e9e de l&#8217;acc\u00e8s Type\/version du navigateur Syst\u00e8me d&#8217;exploitation utilis\u00e9 URL [&hellip;]\" \/>\n<meta property=\"og:url\" content=\"https:\/\/alliance-rouge.ch\/fr\/protection-des-donnees\/\" \/>\n<meta property=\"og:site_name\" content=\"Alliance Rouge\" \/>\n<meta property=\"article:modified_time\" content=\"2023-06-19T09:45:47+00:00\" \/>\n<meta name=\"twitter:card\" content=\"summary_large_image\" \/>\n<meta name=\"twitter:label1\" content=\"Est. reading time\" \/>\n\t<meta name=\"twitter:data1\" content=\"1 minute\" \/>\n<script type=\"application\/ld+json\" class=\"yoast-schema-graph\">{\"@context\":\"https:\/\/schema.org\",\"@graph\":[{\"@type\":\"WebPage\",\"@id\":\"https:\/\/alliance-rouge.ch\/fr\/protection-des-donnees\/\",\"url\":\"https:\/\/alliance-rouge.ch\/fr\/protection-des-donnees\/\",\"name\":\"Protection des Donn\u00e9es - Alliance Rouge\",\"isPartOf\":{\"@id\":\"https:\/\/alliance-rouge.ch\/#website\"},\"datePublished\":\"2023-06-19T09:34:50+00:00\",\"dateModified\":\"2023-06-19T09:45:47+00:00\",\"breadcrumb\":{\"@id\":\"https:\/\/alliance-rouge.ch\/fr\/protection-des-donnees\/#breadcrumb\"},\"inLanguage\":\"fr-FR\",\"potentialAction\":[{\"@type\":\"ReadAction\",\"target\":[\"https:\/\/alliance-rouge.ch\/fr\/protection-des-donnees\/\"]}]},{\"@type\":\"BreadcrumbList\",\"@id\":\"https:\/\/alliance-rouge.ch\/fr\/protection-des-donnees\/#breadcrumb\",\"itemListElement\":[{\"@type\":\"ListItem\",\"position\":1,\"name\":\"Home\",\"item\":\"https:\/\/alliance-rouge.ch\/fr\/\"},{\"@type\":\"ListItem\",\"position\":2,\"name\":\"Protection des Donn\u00e9es\"}]},{\"@type\":\"WebSite\",\"@id\":\"https:\/\/alliance-rouge.ch\/#website\",\"url\":\"https:\/\/alliance-rouge.ch\/\",\"name\":\"Alliance Rouge\",\"description\":\"\",\"potentialAction\":[{\"@type\":\"SearchAction\",\"target\":{\"@type\":\"EntryPoint\",\"urlTemplate\":\"https:\/\/alliance-rouge.ch\/?s={search_term_string}\"},\"query-input\":{\"@type\":\"PropertyValueSpecification\",\"valueRequired\":true,\"valueName\":\"search_term_string\"}}],\"inLanguage\":\"fr-FR\"}]}<\/script>\n<!-- \/ Yoast SEO plugin. -->","yoast_head_json":{"title":"Protection des Donn\u00e9es - Alliance Rouge","robots":{"index":"index","follow":"follow","max-snippet":"max-snippet:-1","max-image-preview":"max-image-preview:large","max-video-preview":"max-video-preview:-1"},"canonical":"https:\/\/alliance-rouge.ch\/fr\/protection-des-donnees\/","og_locale":"fr_FR","og_type":"article","og_title":"Protection des Donn\u00e9es - Alliance Rouge","og_description":"Donn\u00e9es collect\u00e9es automatiquement Lors de l&#8217;acc\u00e8s au site alliance-rouge.ch, le navigateur Internet de l&#8217;utilisateur transmet automatiquement certaines donn\u00e9es pour des raisons techniques. Ces informations, appel\u00e9es &#8220;logfile&#8221;, sont enregistr\u00e9es s\u00e9par\u00e9ment des autres donn\u00e9es que l&#8217;utilisateur peut \u00e9ventuellement mettre \u00e0 disposition : Date et heure ainsi que dur\u00e9e de l&#8217;acc\u00e8s Type\/version du navigateur Syst\u00e8me d&#8217;exploitation utilis\u00e9 URL [&hellip;]","og_url":"https:\/\/alliance-rouge.ch\/fr\/protection-des-donnees\/","og_site_name":"Alliance Rouge","article_modified_time":"2023-06-19T09:45:47+00:00","twitter_card":"summary_large_image","twitter_misc":{"Est. reading time":"1 minute"},"schema":{"@context":"https:\/\/schema.org","@graph":[{"@type":"WebPage","@id":"https:\/\/alliance-rouge.ch\/fr\/protection-des-donnees\/","url":"https:\/\/alliance-rouge.ch\/fr\/protection-des-donnees\/","name":"Protection des Donn\u00e9es - Alliance Rouge","isPartOf":{"@id":"https:\/\/alliance-rouge.ch\/#website"},"datePublished":"2023-06-19T09:34:50+00:00","dateModified":"2023-06-19T09:45:47+00:00","breadcrumb":{"@id":"https:\/\/alliance-rouge.ch\/fr\/protection-des-donnees\/#breadcrumb"},"inLanguage":"fr-FR","potentialAction":[{"@type":"ReadAction","target":["https:\/\/alliance-rouge.ch\/fr\/protection-des-donnees\/"]}]},{"@type":"BreadcrumbList","@id":"https:\/\/alliance-rouge.ch\/fr\/protection-des-donnees\/#breadcrumb","itemListElement":[{"@type":"ListItem","position":1,"name":"Home","item":"https:\/\/alliance-rouge.ch\/fr\/"},{"@type":"ListItem","position":2,"name":"Protection des Donn\u00e9es"}]},{"@type":"WebSite","@id":"https:\/\/alliance-rouge.ch\/#website","url":"https:\/\/alliance-rouge.ch\/","name":"Alliance Rouge","description":"","potentialAction":[{"@type":"SearchAction","target":{"@type":"EntryPoint","urlTemplate":"https:\/\/alliance-rouge.ch\/?s={search_term_string}"},"query-input":{"@type":"PropertyValueSpecification","valueRequired":true,"valueName":"search_term_string"}}],"inLanguage":"fr-FR"}]}},"_links":{"self":[{"href":"https:\/\/alliance-rouge.ch\/fr\/wp-json\/wp\/v2\/pages\/1622","targetHints":{"allow":["GET"]}}],"collection":[{"href":"https:\/\/alliance-rouge.ch\/fr\/wp-json\/wp\/v2\/pages"}],"about":[{"href":"https:\/\/alliance-rouge.ch\/fr\/wp-json\/wp\/v2\/types\/page"}],"author":[{"embeddable":true,"href":"https:\/\/alliance-rouge.ch\/fr\/wp-json\/wp\/v2\/users\/1"}],"replies":[{"embeddable":true,"href":"https:\/\/alliance-rouge.ch\/fr\/wp-json\/wp\/v2\/comments?post=1622"}],"version-history":[{"count":3,"href":"https:\/\/alliance-rouge.ch\/fr\/wp-json\/wp\/v2\/pages\/1622\/revisions"}],"predecessor-version":[{"id":1630,"href":"https:\/\/alliance-rouge.ch\/fr\/wp-json\/wp\/v2\/pages\/1622\/revisions\/1630"}],"wp:attachment":[{"href":"https:\/\/alliance-rouge.ch\/fr\/wp-json\/wp\/v2\/media?parent=1622"}],"curies":[{"name":"wp","href":"https:\/\/api.w.org\/{rel}","templated":true}]}}